{"id":5502,"date":"2024-11-04T15:18:12","date_gmt":"2024-11-04T15:18:12","guid":{"rendered":"https:\/\/xrevup.x-revup.com\/?page_id=5502"},"modified":"2024-11-22T23:48:24","modified_gmt":"2024-11-22T23:48:24","slug":"category","status":"publish","type":"page","link":"https:\/\/xrevup.x-revup.com\/fr\/category\/","title":{"rendered":"Category"},"content":{"rendered":"<div data-elementor-type=\"wp-post\" data-elementor-id=\"5502\" class=\"elementor elementor-5502\">\n\t\t\t\t<div class=\"elementor-element elementor-element-dfdc5a6 e-flex e-con-boxed e-con e-parent\" data-id=\"dfdc5a6\" data-element_type=\"container\" data-settings=\"{&quot;background_background&quot;:&quot;classic&quot;}\">\n\t\t\t\t\t<div class=\"e-con-inner\">\n\t\t<div class=\"elementor-element elementor-element-1eaf493 e-con-full e-flex e-con e-child\" data-id=\"1eaf493\" data-element_type=\"container\">\n\t\t\t\t<div class=\"elementor-element elementor-element-2ea6a7d elementor-widget elementor-widget-heading\" data-id=\"2ea6a7d\" data-element_type=\"widget\" data-widget_type=\"heading.default\">\n\t\t\t\t<div class=\"elementor-widget-container\">\n\t\t\t<h1 class=\"elementor-heading-title elementor-size-default\">CATEGORIES<\/h1>\t\t<\/div>\n\t\t\t\t<\/div>\n\t\t\t\t<\/div>\n\t\t\t\t\t<\/div>\n\t\t\t\t<\/div>\n\t\t<div class=\"elementor-element elementor-element-748980c e-flex e-con-boxed e-con e-parent\" data-id=\"748980c\" data-element_type=\"container\" data-settings=\"{&quot;background_background&quot;:&quot;classic&quot;}\">\n\t\t\t\t\t<div class=\"e-con-inner\">\n\t\t<div class=\"elementor-element elementor-element-ce4f094 e-con-full e-flex e-con e-child\" data-id=\"ce4f094\" data-element_type=\"container\">\n\t\t\t\t<div class=\"elementor-element elementor-element-1ff1c00 elementor-widget elementor-widget-shortcode\" data-id=\"1ff1c00\" data-element_type=\"widget\" data-widget_type=\"shortcode.default\">\n\t\t\t\t<div class=\"elementor-widget-container\">\n\t\t\t\t\t<div class=\"elementor-shortcode\"><div class=\"woocommerce columns-4\"><ul class=\"products columns-4\">\n<li class=\"product-category product first\">\n\t<a aria-label=\"Acc\u00e9der \u00e0 la cat\u00e9gorie de produits accessoires\" href=\"https:\/\/xrevup.x-revup.com\/fr\/categorie-produit\/accessoires\/\" data-no-translation-aria-label=\"\"><img fetchpriority=\"high\" decoding=\"async\" src=\"https:\/\/xrevup.x-revup.com\/wp-content\/uploads\/2024\/12\/caltigor-copy-4-merged.png\" alt=\"accessoires\" width=\"300\" height=\"300\" srcset=\"https:\/\/xrevup.x-revup.com\/wp-content\/uploads\/2024\/12\/caltigor-copy-4-merged.png 150w, https:\/\/xrevup.x-revup.com\/wp-content\/uploads\/2024\/12\/caltigor-copy-4-merged-24x24.png 24w, https:\/\/xrevup.x-revup.com\/wp-content\/uploads\/2024\/12\/caltigor-copy-4-merged-36x36.png 36w, https:\/\/xrevup.x-revup.com\/wp-content\/uploads\/2024\/12\/caltigor-copy-4-merged-48x48.png 48w, https:\/\/xrevup.x-revup.com\/wp-content\/uploads\/2024\/12\/caltigor-copy-4-merged-100x100.png 100w\" sizes=\"(max-width: 150px) 100vw, 150px\" \/>\t\t<h2 class=\"woocommerce-loop-category__title\">\n\t\t\t\u0625\u0643\u0633\u0633\u0648\u0627\u0631\u0627\u062a<mark class=\"count\">3 produits<\/mark>\t\t<\/h2>\n\t\t<\/a><\/li>\n<li class=\"product-category product\">\n\t<a aria-label=\"Acc\u00e9der \u00e0 la cat\u00e9gorie de produits casque\" href=\"https:\/\/xrevup.x-revup.com\/fr\/categorie-produit\/casque\/\" data-no-translation-aria-label=\"\"><img decoding=\"async\" src=\"https:\/\/xrevup.x-revup.com\/wp-content\/uploads\/2024\/12\/Layer-1114.png\" alt=\"casque\" width=\"300\" height=\"300\" srcset=\"https:\/\/xrevup.x-revup.com\/wp-content\/uploads\/2024\/12\/Layer-1114.png 150w, https:\/\/xrevup.x-revup.com\/wp-content\/uploads\/2024\/12\/Layer-1114-24x24.png 24w, https:\/\/xrevup.x-revup.com\/wp-content\/uploads\/2024\/12\/Layer-1114-36x36.png 36w, https:\/\/xrevup.x-revup.com\/wp-content\/uploads\/2024\/12\/Layer-1114-48x48.png 48w, https:\/\/xrevup.x-revup.com\/wp-content\/uploads\/2024\/12\/Layer-1114-100x100.png 100w\" sizes=\"(max-width: 150px) 100vw, 150px\" \/>\t\t<h2 class=\"woocommerce-loop-category__title\">\n\t\t\t\u062e\u0648\u0630\u0627\u062a<mark class=\"count\">8 produits<\/mark>\t\t<\/h2>\n\t\t<\/a><\/li>\n<li class=\"product-category product\">\n\t<a aria-label=\"Acc\u00e9der \u00e0 la cat\u00e9gorie de produits gants\" href=\"https:\/\/xrevup.x-revup.com\/fr\/categorie-produit\/gants\/\" data-no-translation-aria-label=\"\"><img decoding=\"async\" src=\"https:\/\/xrevup.x-revup.com\/wp-content\/uploads\/2024\/11\/Layer-1113.png\" alt=\"gants\" width=\"300\" height=\"300\" srcset=\"https:\/\/xrevup.x-revup.com\/wp-content\/uploads\/2024\/11\/Layer-1113.png 300w, https:\/\/xrevup.x-revup.com\/wp-content\/uploads\/2024\/11\/Layer-1113-150x150.png 150w, https:\/\/xrevup.x-revup.com\/wp-content\/uploads\/2024\/11\/Layer-1113-24x24.png 24w, https:\/\/xrevup.x-revup.com\/wp-content\/uploads\/2024\/11\/Layer-1113-36x36.png 36w, https:\/\/xrevup.x-revup.com\/wp-content\/uploads\/2024\/11\/Layer-1113-48x48.png 48w, https:\/\/xrevup.x-revup.com\/wp-content\/uploads\/2024\/11\/Layer-1113-100x100.png 100w\" sizes=\"(max-width: 300px) 100vw, 300px\" \/>\t\t<h2 class=\"woocommerce-loop-category__title\">\n\t\t\t\u0642\u0641\u0627\u0632\u0627\u062a<mark class=\"count\">5 produits<\/mark>\t\t<\/h2>\n\t\t<\/a><\/li>\n<li class=\"product-category product last\">\n\t<a aria-label=\"Acc\u00e9der \u00e0 la cat\u00e9gorie de produits integrale\" href=\"https:\/\/xrevup.x-revup.com\/fr\/categorie-produit\/casque\/integrale\/\" data-no-translation-aria-label=\"\"><img loading=\"lazy\" decoding=\"async\" src=\"https:\/\/xrevup.x-revup.com\/wp-content\/uploads\/woocommerce-placeholder-300x300.png\" alt=\"integrale\" width=\"300\" height=\"300\" \/>\t\t<h2 class=\"woocommerce-loop-category__title\">\n\t\t\tintegrale<mark class=\"count\">2 produits<\/mark>\t\t<\/h2>\n\t\t<\/a><\/li>\n<li class=\"product-category product first\">\n\t<a aria-label=\"Acc\u00e9der \u00e0 la cat\u00e9gorie de produits LS2\" href=\"https:\/\/xrevup.x-revup.com\/fr\/categorie-produit\/ls2\/\" data-no-translation-aria-label=\"\"><img loading=\"lazy\" decoding=\"async\" src=\"https:\/\/xrevup.x-revup.com\/wp-content\/uploads\/2024\/11\/ls2-300x130.jpg\" alt=\"LS2\" width=\"300\" height=\"300\" srcset=\"https:\/\/xrevup.x-revup.com\/wp-content\/uploads\/2024\/11\/ls2-300x130.jpg 300w, https:\/\/xrevup.x-revup.com\/wp-content\/uploads\/2024\/11\/ls2-24x10.jpg 24w, https:\/\/xrevup.x-revup.com\/wp-content\/uploads\/2024\/11\/ls2-36x15.jpg 36w, https:\/\/xrevup.x-revup.com\/wp-content\/uploads\/2024\/11\/ls2-48x20.jpg 48w\" sizes=\"(max-width: 300px) 100vw, 300px\" \/>\t\t<h2 class=\"woocommerce-loop-category__title\">\n\t\t\tLS2<mark class=\"count\">2 produits<\/mark>\t\t<\/h2>\n\t\t<\/a><\/li>\n<li class=\"product-category product\">\n\t<a aria-label=\"Acc\u00e9der \u00e0 la cat\u00e9gorie de produits modular\" href=\"https:\/\/xrevup.x-revup.com\/fr\/categorie-produit\/casque\/modular\/\" data-no-translation-aria-label=\"\"><img loading=\"lazy\" decoding=\"async\" src=\"https:\/\/xrevup.x-revup.com\/wp-content\/uploads\/woocommerce-placeholder-300x300.png\" alt=\"modular\" width=\"300\" height=\"300\" \/>\t\t<h2 class=\"woocommerce-loop-category__title\">\n\t\t\tmodular<mark class=\"count\">1 produit<\/mark>\t\t<\/h2>\n\t\t<\/a><\/li>\n<li class=\"product-category product\">\n\t<a aria-label=\"Acc\u00e9der \u00e0 la cat\u00e9gorie de produits open face\" href=\"https:\/\/xrevup.x-revup.com\/fr\/categorie-produit\/casque\/open-face\/\" data-no-translation-aria-label=\"\"><img loading=\"lazy\" decoding=\"async\" src=\"https:\/\/xrevup.x-revup.com\/wp-content\/uploads\/woocommerce-placeholder-300x300.png\" alt=\"open face\" width=\"300\" height=\"300\" \/>\t\t<h2 class=\"woocommerce-loop-category__title\">\n\t\t\topen face<mark class=\"count\">1 produit<\/mark>\t\t<\/h2>\n\t\t<\/a><\/li>\n<li class=\"product-category product last\">\n\t<a aria-label=\"Acc\u00e9der \u00e0 la cat\u00e9gorie de produits valises\" href=\"https:\/\/xrevup.x-revup.com\/fr\/categorie-produit\/valises\/\" data-no-translation-aria-label=\"\"><img loading=\"lazy\" decoding=\"async\" src=\"https:\/\/xrevup.x-revup.com\/wp-content\/uploads\/2024\/12\/caltigor-copy-3-merged.png\" alt=\"valises\" width=\"300\" height=\"300\" srcset=\"https:\/\/xrevup.x-revup.com\/wp-content\/uploads\/2024\/12\/caltigor-copy-3-merged.png 150w, https:\/\/xrevup.x-revup.com\/wp-content\/uploads\/2024\/12\/caltigor-copy-3-merged-24x24.png 24w, https:\/\/xrevup.x-revup.com\/wp-content\/uploads\/2024\/12\/caltigor-copy-3-merged-36x36.png 36w, https:\/\/xrevup.x-revup.com\/wp-content\/uploads\/2024\/12\/caltigor-copy-3-merged-48x48.png 48w, https:\/\/xrevup.x-revup.com\/wp-content\/uploads\/2024\/12\/caltigor-copy-3-merged-100x100.png 100w\" sizes=\"(max-width: 150px) 100vw, 150px\" \/>\t\t<h2 class=\"woocommerce-loop-category__title\">\n\t\t\tvalises<mark class=\"count\">2 produits<\/mark>\t\t<\/h2>\n\t\t<\/a><\/li>\n<\/ul>\n<\/div> <\/div>\n\t\t\t\t<\/div>\n\t\t\t\t<\/div>\n\t\t\t\t<\/div>\n\t\t\t\t\t<\/div>\n\t\t\t\t<\/div>\n\t\t\t\t<\/div>","protected":false},"excerpt":{"rendered":"<p>CATEGORIES<\/p>","protected":false},"author":1,"featured_media":0,"parent":0,"menu_order":0,"comment_status":"closed","ping_status":"closed","template":"","meta":{"_uag_custom_page_level_css":"","site-sidebar-layout":"no-sidebar","site-content-layout":"page-builder","ast-site-content-layout":"full-width-container","site-content-style":"unboxed","site-sidebar-style":"unboxed","ast-global-header-display":"","ast-banner-title-visibility":"","ast-main-header-display":"","ast-hfb-above-header-display":"","ast-hfb-below-header-display":"","ast-hfb-mobile-header-display":"","site-post-title":"disabled","ast-breadcrumbs-content":"","ast-featured-img":"disabled","footer-sml-layout":"","theme-transparent-header-meta":"enabled","adv-header-id-meta":"","stick-header-meta":"","header-above-stick-meta":"","header-main-stick-meta":"","header-below-stick-meta":"","astra-migrate-meta-layouts":"set","ast-page-background-enabled":"default","ast-page-background-meta":{"desktop":{"background-color":"","background-image":"","background-repeat":"repeat","background-position":"center center","background-size":"auto","background-attachment":"scroll","background-type":"","background-media":"","overlay-type":"","overlay-color":"","overlay-opacity":"","overlay-gradient":""},"tablet":{"background-color":"","background-image":"","background-repeat":"repeat","background-position":"center center","background-size":"auto","background-attachment":"scroll","background-type":"","background-media":"","overlay-type":"","overlay-color":"","overlay-opacity":"","overlay-gradient":""},"mobile":{"background-color":"","background-image":"","background-repeat":"repeat","background-position":"center center","background-size":"auto","background-attachment":"scroll","background-type":"","background-media":"","overlay-type":"","overlay-color":"","overlay-opacity":"","overlay-gradient":""}},"ast-content-background-meta":{"desktop":{"background-color":"var(--ast-global-color-5)","background-image":"","background-repeat":"repeat","background-position":"center center","background-size":"auto","background-attachment":"scroll","background-type":"","background-media":"","overlay-type":"","overlay-color":"","overlay-opacity":"","overlay-gradient":""},"tablet":{"background-color":"var(--ast-global-color-5)","background-image":"","background-repeat":"repeat","background-position":"center center","background-size":"auto","background-attachment":"scroll","background-type":"","background-media":"","overlay-type":"","overlay-color":"","overlay-opacity":"","overlay-gradient":""},"mobile":{"background-color":"var(--ast-global-color-5)","background-image":"","background-repeat":"repeat","background-position":"center center","background-size":"auto","background-attachment":"scroll","background-type":"","background-media":"","overlay-type":"","overlay-color":"","overlay-opacity":"","overlay-gradient":""}},"footnotes":""},"class_list":["post-5502","page","type-page","status-publish","hentry"],"uagb_featured_image_src":{"full":false,"thumbnail":false,"medium":false,"medium_large":false,"large":false,"1536x1536":false,"2048x2048":false,"trp-custom-language-flag":false,"menu-24x24":false,"menu-36x36":false,"menu-48x48":false,"woocommerce_thumbnail":false,"woocommerce_single":false,"woocommerce_gallery_thumbnail":false},"uagb_author_info":{"display_name":"admin","author_link":"https:\/\/xrevup.x-revup.com\/fr\/author\/admin\/"},"uagb_comment_info":0,"uagb_excerpt":"CATEGORIES","_links":{"self":[{"href":"https:\/\/xrevup.x-revup.com\/fr\/wp-json\/wp\/v2\/pages\/5502","targetHints":{"allow":["GET"]}}],"collection":[{"href":"https:\/\/xrevup.x-revup.com\/fr\/wp-json\/wp\/v2\/pages"}],"about":[{"href":"https:\/\/xrevup.x-revup.com\/fr\/wp-json\/wp\/v2\/types\/page"}],"author":[{"embeddable":true,"href":"https:\/\/xrevup.x-revup.com\/fr\/wp-json\/wp\/v2\/users\/1"}],"replies":[{"embeddable":true,"href":"https:\/\/xrevup.x-revup.com\/fr\/wp-json\/wp\/v2\/comments?post=5502"}],"version-history":[{"count":56,"href":"https:\/\/xrevup.x-revup.com\/fr\/wp-json\/wp\/v2\/pages\/5502\/revisions"}],"predecessor-version":[{"id":7428,"href":"https:\/\/xrevup.x-revup.com\/fr\/wp-json\/wp\/v2\/pages\/5502\/revisions\/7428"}],"wp:attachment":[{"href":"https:\/\/xrevup.x-revup.com\/fr\/wp-json\/wp\/v2\/media?parent=5502"}],"curies":[{"name":"wp","href":"https:\/\/api.w.org\/{rel}","templated":true}]}}