{"id":96,"date":"2024-11-04T12:55:33","date_gmt":"2024-11-04T12:55:33","guid":{"rendered":"https:\/\/xrevup.x-revup.com\/about\/"},"modified":"2024-12-08T13:10:06","modified_gmt":"2024-12-08T13:10:06","slug":"about","status":"publish","type":"page","link":"https:\/\/xrevup.x-revup.com\/fr\/about\/","title":{"rendered":"About"},"content":{"rendered":"<div data-elementor-type=\"wp-post\" data-elementor-id=\"96\" class=\"elementor elementor-96\">\n\t\t\t\t<div class=\"elementor-element elementor-element-dfdc5a6 e-flex e-con-boxed e-con e-parent\" data-id=\"dfdc5a6\" data-element_type=\"container\" data-settings=\"{&quot;background_background&quot;:&quot;classic&quot;}\">\n\t\t\t\t\t<div class=\"e-con-inner\">\n\t\t<div class=\"elementor-element elementor-element-1eaf493 e-con-full e-flex e-con e-child\" data-id=\"1eaf493\" data-element_type=\"container\">\n\t\t\t\t<div class=\"elementor-element elementor-element-2ea6a7d elementor-widget elementor-widget-heading\" data-id=\"2ea6a7d\" data-element_type=\"widget\" data-widget_type=\"heading.default\">\n\t\t\t\t<div class=\"elementor-widget-container\">\n\t\t\t<h1 class=\"elementor-heading-title elementor-size-default\">\u00c0 propos de nous<\/h1>\t\t<\/div>\n\t\t\t\t<\/div>\n\t\t\t\t<\/div>\n\t\t\t\t\t<\/div>\n\t\t\t\t<\/div>\n\t\t<div class=\"elementor-element elementor-element-748980c e-flex e-con-boxed e-con e-parent\" data-id=\"748980c\" data-element_type=\"container\" data-settings=\"{&quot;background_background&quot;:&quot;classic&quot;}\">\n\t\t\t\t\t<div class=\"e-con-inner\">\n\t\t<div class=\"elementor-element elementor-element-f499284 e-con-full e-flex e-con e-child\" data-id=\"f499284\" data-element_type=\"container\">\n\t\t\t\t<div class=\"elementor-element elementor-element-2c7a0f8 elementor-widget elementor-widget-image-box\" data-id=\"2c7a0f8\" data-element_type=\"widget\" data-widget_type=\"image-box.default\">\n\t\t\t\t<div class=\"elementor-widget-container\">\n\t\t\t<div class=\"elementor-image-box-wrapper\"><div class=\"elementor-image-box-content\"><h3 class=\"elementor-image-box-title\">\u00c0 propos de la boutique<\/h3><p class=\"elementor-image-box-description\">Bienvenue chez X-REVUP, votre destination de choix pour tous les \u00e9quipements et accessoires n\u00e9cessaires aux motards. Nous vous proposons une large gamme de produits de s\u00e9curit\u00e9 et de mode, comprenant des casques, des v\u00eatements et des gants con\u00e7us selon les plus hauts standards de qualit\u00e9. Que vous soyez un motard d\u00e9butant ou exp\u00e9riment\u00e9, nous avons tout ce dont vous avez besoin pour une exp\u00e9rience de conduite s\u00e9curis\u00e9e et styl\u00e9e. D\u00e9couvrez notre collection d\u00e8s maintenant et pr\u00e9parez-vous pour la route avec le meilleur \u00e9quipement.<\/p><\/div><\/div>\t\t<\/div>\n\t\t\t\t<\/div>\n\t\t\t\t<\/div>\n\t\t<div class=\"elementor-element elementor-element-9945606 e-con-full e-flex e-con e-child\" data-id=\"9945606\" data-element_type=\"container\">\n\t\t\t\t<div class=\"elementor-element elementor-element-12d7e03 elementor-widget elementor-widget-image\" data-id=\"12d7e03\" data-element_type=\"widget\" data-widget_type=\"image.default\">\n\t\t\t\t<div class=\"elementor-widget-container\">\n\t\t\t\t\t\t\t\t\t\t\t\t\t<img fetchpriority=\"high\" decoding=\"async\" width=\"924\" height=\"467\" src=\"https:\/\/xrevup.x-revup.com\/wp-content\/uploads\/2024\/11\/wicked-cycles-924x467-1.jpg\" class=\"attachment-large size-large wp-image-5596\" alt=\"\" srcset=\"https:\/\/xrevup.x-revup.com\/wp-content\/uploads\/2024\/11\/wicked-cycles-924x467-1.jpg 924w, https:\/\/xrevup.x-revup.com\/wp-content\/uploads\/2024\/11\/wicked-cycles-924x467-1-300x152.jpg 300w, https:\/\/xrevup.x-revup.com\/wp-content\/uploads\/2024\/11\/wicked-cycles-924x467-1-768x388.jpg 768w, https:\/\/xrevup.x-revup.com\/wp-content\/uploads\/2024\/11\/wicked-cycles-924x467-1-600x303.jpg 600w\" sizes=\"(max-width: 924px) 100vw, 924px\" \/>\t\t\t\t\t\t\t\t\t\t\t\t\t<\/div>\n\t\t\t\t<\/div>\n\t\t\t\t<\/div>\n\t\t\t\t\t<\/div>\n\t\t\t\t<\/div>\n\t\t<div class=\"elementor-element elementor-element-99a47a5 e-con-full e-flex e-con e-parent\" data-id=\"99a47a5\" data-element_type=\"container\" data-settings=\"{&quot;background_background&quot;:&quot;classic&quot;}\">\n\t\t<div class=\"elementor-element elementor-element-cd16cf9 e-flex e-con-boxed e-con e-child\" data-id=\"cd16cf9\" data-element_type=\"container\">\n\t\t\t\t\t<div class=\"e-con-inner\">\n\t\t\t\t<div class=\"elementor-element elementor-element-56e4041 elementor-widget elementor-widget-image-box\" data-id=\"56e4041\" data-element_type=\"widget\" data-widget_type=\"image-box.default\">\n\t\t\t\t<div class=\"elementor-widget-container\">\n\t\t\t<div class=\"elementor-image-box-wrapper\"><div class=\"elementor-image-box-content\"><h3 class=\"elementor-image-box-title\">M\u00e9thodes de paiement<\/h3><\/div><\/div>\t\t<\/div>\n\t\t\t\t<\/div>\n\t\t\t\t<div class=\"elementor-element elementor-element-e3c8746 elementor-widget elementor-widget-text-editor\" data-id=\"e3c8746\" data-element_type=\"widget\" data-widget_type=\"text-editor.default\">\n\t\t\t\t<div class=\"elementor-widget-container\">\n\t\t\t\t\t\t\t<p>Paiement \u00e0 la livraison (COD)<\/p>\t\t\t\t\t\t<\/div>\n\t\t\t\t<\/div>\n\t\t\t\t<div class=\"elementor-element elementor-element-0f48c8e elementor-widget elementor-widget-text-editor\" data-id=\"0f48c8e\" data-element_type=\"widget\" data-widget_type=\"text-editor.default\">\n\t\t\t\t<div class=\"elementor-widget-container\">\n\t\t\t\t\t\t\t<p>Le paiement \u00e0 la livraison (Cash On Delivery) est l'une des options de paiement disponibles sur notre boutique. Cette m\u00e9thode permet aux clients de faire leurs achats en ligne, de choisir les produits souhait\u00e9s, de passer leur commande, puis de s\u00e9lectionner l'option de paiement \u00e0 la livraison. Cela signifie que le paiement est report\u00e9 jusqu'\u00e0 ce que le client re\u00e7oive le produit command\u00e9 en ligne.<\/p><p>Nous exp\u00e9dierons le produit \u00e0 l'adresse convenue (ville, quartier, domicile ou autre lieu), et le paiement sera effectu\u00e9 \u00e0 la r\u00e9ception.<\/p>\t\t\t\t\t\t<\/div>\n\t\t\t\t<\/div>\n\t\t\t\t<div class=\"elementor-element elementor-element-df31a69 elementor-widget elementor-widget-text-editor\" data-id=\"df31a69\" data-element_type=\"widget\" data-widget_type=\"text-editor.default\">\n\t\t\t\t<div class=\"elementor-widget-container\">\n\t\t\t\t\t\t\t<p>Paiement par virement bancaire<\/p>\t\t\t\t\t\t<\/div>\n\t\t\t\t<\/div>\n\t\t\t\t<div class=\"elementor-element elementor-element-c47ff1d elementor-widget elementor-widget-text-editor\" data-id=\"c47ff1d\" data-element_type=\"widget\" data-widget_type=\"text-editor.default\">\n\t\t\t\t<div class=\"elementor-widget-container\">\n\t\t\t\t\t\t\t<p>Le paiement par virement bancaire est une autre option disponible sur notre boutique. Le paiement s'effectue par virement du montant convenu sur notre compte bancaire, par un transfert bancaire, ou via une agence de transfert d'argent au nom convenu. Ensuite, le produit est envoy\u00e9 \u00e0 l'adresse convenue.<\/p>\t\t\t\t\t\t<\/div>\n\t\t\t\t<\/div>\n\t\t\t\t<div class=\"elementor-element elementor-element-b112c97 elementor-widget elementor-widget-text-editor\" data-id=\"b112c97\" data-element_type=\"widget\" data-widget_type=\"text-editor.default\">\n\t\t\t\t<div class=\"elementor-widget-container\">\n\t\t\t\t\t\t\t<p>Paiement via PayPal<\/p>\t\t\t\t\t\t<\/div>\n\t\t\t\t<\/div>\n\t\t\t\t<div class=\"elementor-element elementor-element-9060090 elementor-widget elementor-widget-text-editor\" data-id=\"9060090\" data-element_type=\"widget\" data-widget_type=\"text-editor.default\">\n\t\t\t\t<div class=\"elementor-widget-container\">\n\t\t\t\t\t\t\t<p>Le paiement via PayPal est \u00e9galement une option disponible sur notre boutique. Le paiement est effectu\u00e9 par le transfert du montant convenu sur notre compte PayPal, puis le produit est exp\u00e9di\u00e9 \u00e0 l'adresse convenue.<\/p>\t\t\t\t\t\t<\/div>\n\t\t\t\t<\/div>\n\t\t\t\t\t<\/div>\n\t\t\t\t<\/div>\n\t\t\t\t<\/div>\n\t\t<div class=\"elementor-element elementor-element-3c49bf9 e-con-full e-flex e-con e-parent\" data-id=\"3c49bf9\" data-element_type=\"container\" data-settings=\"{&quot;background_background&quot;:&quot;classic&quot;}\">\n\t\t<div class=\"elementor-element elementor-element-53ba60b e-flex e-con-boxed e-con e-child\" data-id=\"53ba60b\" data-element_type=\"container\">\n\t\t\t\t\t<div class=\"e-con-inner\">\n\t\t\t\t<div class=\"elementor-element elementor-element-d15daf7 elementor-widget elementor-widget-image-box\" data-id=\"d15daf7\" data-element_type=\"widget\" data-widget_type=\"image-box.default\">\n\t\t\t\t<div class=\"elementor-widget-container\">\n\t\t\t<div class=\"elementor-image-box-wrapper\"><div class=\"elementor-image-box-content\"><h3 class=\"elementor-image-box-title\">Exp\u00e9dition et livraison<\/h3><\/div><\/div>\t\t<\/div>\n\t\t\t\t<\/div>\n\t\t\t\t<div class=\"elementor-element elementor-element-2990f2c elementor-widget elementor-widget-text-editor\" data-id=\"2990f2c\" data-element_type=\"widget\" data-widget_type=\"text-editor.default\">\n\t\t\t\t<div class=\"elementor-widget-container\">\n\t\t\t\t\t\t\t<p>Apr\u00e8s confirmation de l'achat, nous proc\u00e9dons \u00e0 l'exp\u00e9dition et \u00e0 l'envoi du produit via notre responsable de livraison.<\/p>\t\t\t\t\t\t<\/div>\n\t\t\t\t<\/div>\n\t\t\t\t<div class=\"elementor-element elementor-element-1a92214 elementor-widget elementor-widget-text-editor\" data-id=\"1a92214\" data-element_type=\"widget\" data-widget_type=\"text-editor.default\">\n\t\t\t\t<div class=\"elementor-widget-container\">\n\t\t\t\t\t\t\t<p>Modes de livraison<\/p>\t\t\t\t\t\t<\/div>\n\t\t\t\t<\/div>\n\t\t\t\t<div class=\"elementor-element elementor-element-da40fbf elementor-widget elementor-widget-text-editor\" data-id=\"da40fbf\" data-element_type=\"widget\" data-widget_type=\"text-editor.default\">\n\t\t\t\t<div class=\"elementor-widget-container\">\n\t\t\t\t\t\t\t<p>Responsable de livraison : Notre boutique collabore avec un r\u00e9seau de responsables de livraison dans plusieurs villes, qui s'assurent de livrer les produits dans un d\u00e9lai ne d\u00e9passant pas 24 heures  dans la plupart des r\u00e9gions.<\/p>\t\t\t\t\t\t<\/div>\n\t\t\t\t<\/div>\n\t\t\t\t\t<\/div>\n\t\t\t\t<\/div>\n\t\t\t\t<\/div>\n\t\t<div class=\"elementor-element elementor-element-deb7cbe e-con-full e-flex e-con e-parent\" data-id=\"deb7cbe\" data-element_type=\"container\" data-settings=\"{&quot;background_background&quot;:&quot;classic&quot;}\">\n\t\t<div class=\"elementor-element elementor-element-89808eb e-flex e-con-boxed e-con e-child\" data-id=\"89808eb\" data-element_type=\"container\">\n\t\t\t\t\t<div class=\"e-con-inner\">\n\t\t\t\t<div class=\"elementor-element elementor-element-85593da elementor-widget elementor-widget-image-box\" data-id=\"85593da\" data-element_type=\"widget\" data-widget_type=\"image-box.default\">\n\t\t\t\t<div class=\"elementor-widget-container\">\n\t\t\t<div class=\"elementor-image-box-wrapper\"><div class=\"elementor-image-box-content\"><h3 class=\"elementor-image-box-title\">Politique de retour et d'\u00e9change<\/h3><\/div><\/div>\t\t<\/div>\n\t\t\t\t<\/div>\n\t\t\t\t<div class=\"elementor-element elementor-element-dc996ba elementor-widget elementor-widget-text-editor\" data-id=\"dc996ba\" data-element_type=\"widget\" data-widget_type=\"text-editor.default\">\n\t\t\t\t<div class=\"elementor-widget-container\">\n\t\t\t\t\t\t\t<p>Nous nous engageons \u00e0 offrir la meilleure exp\u00e9rience d'achat \u00e0 nos clients. Lors de la r\u00e9ception de la commande, veuillez v\u00e9rifier le produit imm\u00e9diatement avec le livreur. En cas de dommage ou de probl\u00e8me avec le produit, il doit \u00eatre retourn\u00e9 directement au livreur pendant la livraison. Nous n'accepterons aucune demande de retour ou d'\u00e9change apr\u00e8s le d\u00e9part du livreur. Nous vous prions de bien v\u00e9rifier le produit pour garantir votre satisfaction.<\/p>\t\t\t\t\t\t<\/div>\n\t\t\t\t<\/div>\n\t\t\t\t\t<\/div>\n\t\t\t\t<\/div>\n\t\t\t\t<\/div>\n\t\t\t\t<\/div>","protected":false},"excerpt":{"rendered":"<p>\u0645\u0639\u0644\u0648\u0645\u0627\u062a \u0639\u0646\u0627 \u0639\u0646 \u0627\u0644\u0645\u062a\u062c\u0631 \u0645\u0631\u062d\u0628\u064b\u0627 \u0628\u0643\u0645 \u0641\u064a X-REVUP\u060c \u0648\u062c\u0647\u062a\u0643\u0645 \u0627\u0644\u0645\u0641\u0636\u0644\u0629 \u0644\u062c\u0645\u064a\u0639 \u0627\u0644\u0645\u0639\u062f\u0627\u062a \u0648\u0627\u0644\u0625\u0643\u0633\u0633\u0648\u0627\u0631\u0627\u062a \u0627\u0644\u0644\u0627\u0632\u0645\u0629 \u0644\u0631\u0627\u0643\u0628\u064a \u0627\u0644\u062f\u0631\u0627\u062c\u0627\u062a \u0627\u0644\u0646\u0627\u0631\u064a\u0629. \u0646\u062d\u0646 \u0646\u0642\u062f\u0645 \u0644\u0643\u0645 \u0645\u062c\u0645\u0648\u0639\u0629 \u0648\u0627\u0633\u0639\u0629 \u0645\u0646 \u0645\u0646\u062a\u062c\u0627\u062a \u0627\u0644\u0623\u0645\u0627\u0646 \u0648\u0627\u0644\u0623\u0646\u0627\u0642\u0629\u060c \u0628\u0645\u0627 \u0641\u064a \u0630\u0644\u0643 \u0627\u0644\u062e\u0648\u0630\u0627\u062a\u060c \u0627\u0644\u0645\u0644\u0627\u0628\u0633\u060c \u0648\u0627\u0644\u0642\u0641\u0627\u0632\u0627\u062a \u0627\u0644\u062a\u064a \u062a\u0645 \u062a\u0635\u0645\u064a\u0645\u0647\u0627 \u0648\u0641\u0642\u064b\u0627 \u0644\u0623\u0639\u0644\u0649 \u0645\u0639\u0627\u064a\u064a\u0631 \u0627\u0644\u062c\u0648\u062f\u0629. \u0633\u0648\u0627\u0621 \u0643\u0646\u062a \u0645\u0628\u062a\u062f\u0626\u064b\u0627 \u0623\u0648 \u062e\u0628\u064a\u0631\u064b\u0627 \u0641\u064a \u0642\u064a\u0627\u062f\u0629 \u0627\u0644\u062f\u0631\u0627\u062c\u0627\u062a \u0627\u0644\u0646\u0627\u0631\u064a\u0629\u060c \u0644\u062f\u064a\u0646\u0627 \u0643\u0644 \u0645\u0627 \u062a\u062d\u062a\u0627\u062c\u0647 \u0644\u062a\u062c\u0631\u0628\u0629 \u0642\u064a\u0627\u062f\u0629 \u0622\u0645\u0646\u0629 [&hellip;]<\/p>","protected":false},"author":1,"featured_media":0,"parent":0,"menu_order":0,"comment_status":"closed","ping_status":"closed","template":"","meta":{"_uag_custom_page_level_css":"","site-sidebar-layout":"no-sidebar","site-content-layout":"page-builder","ast-site-content-layout":"","site-content-style":"default","site-sidebar-style":"default","ast-global-header-display":"","ast-banner-title-visibility":"","ast-main-header-display":"","ast-hfb-above-header-display":"","ast-hfb-below-header-display":"","ast-hfb-mobile-header-display":"","site-post-title":"disabled","ast-breadcrumbs-content":"","ast-featured-img":"disabled","footer-sml-layout":"","theme-transparent-header-meta":"enabled","adv-header-id-meta":"","stick-header-meta":"","header-above-stick-meta":"","header-main-stick-meta":"","header-below-stick-meta":"","astra-migrate-meta-layouts":"default","ast-page-background-enabled":"default","ast-page-background-meta":{"desktop":{"background-color":"","background-image":"","background-repeat":"repeat","background-position":"center center","background-size":"auto","background-attachment":"scroll","background-type":"","background-media":"","overlay-type":"","overlay-color":"","overlay-opacity":"","overlay-gradient":""},"tablet":{"background-color":"","background-image":"","background-repeat":"repeat","background-position":"center center","background-size":"auto","background-attachment":"scroll","background-type":"","background-media":"","overlay-type":"","overlay-color":"","overlay-opacity":"","overlay-gradient":""},"mobile":{"background-color":"","background-image":"","background-repeat":"repeat","background-position":"center center","background-size":"auto","background-attachment":"scroll","background-type":"","background-media":"","overlay-type":"","overlay-color":"","overlay-opacity":"","overlay-gradient":""}},"ast-content-background-meta":{"desktop":{"background-color":"var(--ast-global-color-5)","background-image":"","background-repeat":"repeat","background-position":"center center","background-size":"auto","background-attachment":"scroll","background-type":"","background-media":"","overlay-type":"","overlay-color":"","overlay-opacity":"","overlay-gradient":""},"tablet":{"background-color":"var(--ast-global-color-5)","background-image":"","background-repeat":"repeat","background-position":"center center","background-size":"auto","background-attachment":"scroll","background-type":"","background-media":"","overlay-type":"","overlay-color":"","overlay-opacity":"","overlay-gradient":""},"mobile":{"background-color":"var(--ast-global-color-5)","background-image":"","background-repeat":"repeat","background-position":"center center","background-size":"auto","background-attachment":"scroll","background-type":"","background-media":"","overlay-type":"","overlay-color":"","overlay-opacity":"","overlay-gradient":""}},"footnotes":""},"class_list":["post-96","page","type-page","status-publish","hentry"],"uagb_featured_image_src":{"full":false,"thumbnail":false,"medium":false,"medium_large":false,"large":false,"1536x1536":false,"2048x2048":false,"trp-custom-language-flag":false,"menu-24x24":false,"menu-36x36":false,"menu-48x48":false,"woocommerce_thumbnail":false,"woocommerce_single":false,"woocommerce_gallery_thumbnail":false},"uagb_author_info":{"display_name":"admin","author_link":"https:\/\/xrevup.x-revup.com\/fr\/author\/admin\/"},"uagb_comment_info":0,"uagb_excerpt":"\u0645\u0639\u0644\u0648\u0645\u0627\u062a \u0639\u0646\u0627 \u0639\u0646 \u0627\u0644\u0645\u062a\u062c\u0631 \u0645\u0631\u062d\u0628\u064b\u0627 \u0628\u0643\u0645 \u0641\u064a X-REVUP\u060c \u0648\u062c\u0647\u062a\u0643\u0645 \u0627\u0644\u0645\u0641\u0636\u0644\u0629 \u0644\u062c\u0645\u064a\u0639 \u0627\u0644\u0645\u0639\u062f\u0627\u062a \u0648\u0627\u0644\u0625\u0643\u0633\u0633\u0648\u0627\u0631\u0627\u062a \u0627\u0644\u0644\u0627\u0632\u0645\u0629 \u0644\u0631\u0627\u0643\u0628\u064a \u0627\u0644\u062f\u0631\u0627\u062c\u0627\u062a \u0627\u0644\u0646\u0627\u0631\u064a\u0629. \u0646\u062d\u0646 \u0646\u0642\u062f\u0645 \u0644\u0643\u0645 \u0645\u062c\u0645\u0648\u0639\u0629 \u0648\u0627\u0633\u0639\u0629 \u0645\u0646 \u0645\u0646\u062a\u062c\u0627\u062a \u0627\u0644\u0623\u0645\u0627\u0646 \u0648\u0627\u0644\u0623\u0646\u0627\u0642\u0629\u060c \u0628\u0645\u0627 \u0641\u064a \u0630\u0644\u0643 \u0627\u0644\u062e\u0648\u0630\u0627\u062a\u060c \u0627\u0644\u0645\u0644\u0627\u0628\u0633\u060c \u0648\u0627\u0644\u0642\u0641\u0627\u0632\u0627\u062a \u0627\u0644\u062a\u064a \u062a\u0645 \u062a\u0635\u0645\u064a\u0645\u0647\u0627 \u0648\u0641\u0642\u064b\u0627 \u0644\u0623\u0639\u0644\u0649 \u0645\u0639\u0627\u064a\u064a\u0631 \u0627\u0644\u062c\u0648\u062f\u0629. \u0633\u0648\u0627\u0621 \u0643\u0646\u062a \u0645\u0628\u062a\u062f\u0626\u064b\u0627 \u0623\u0648 \u062e\u0628\u064a\u0631\u064b\u0627 \u0641\u064a \u0642\u064a\u0627\u062f\u0629 \u0627\u0644\u062f\u0631\u0627\u062c\u0627\u062a \u0627\u0644\u0646\u0627\u0631\u064a\u0629\u060c \u0644\u062f\u064a\u0646\u0627 \u0643\u0644 \u0645\u0627 \u062a\u062d\u062a\u0627\u062c\u0647 \u0644\u062a\u062c\u0631\u0628\u0629 \u0642\u064a\u0627\u062f\u0629 \u0622\u0645\u0646\u0629\u2026","_links":{"self":[{"href":"https:\/\/xrevup.x-revup.com\/fr\/wp-json\/wp\/v2\/pages\/96","targetHints":{"allow":["GET"]}}],"collection":[{"href":"https:\/\/xrevup.x-revup.com\/fr\/wp-json\/wp\/v2\/pages"}],"about":[{"href":"https:\/\/xrevup.x-revup.com\/fr\/wp-json\/wp\/v2\/types\/page"}],"author":[{"embeddable":true,"href":"https:\/\/xrevup.x-revup.com\/fr\/wp-json\/wp\/v2\/users\/1"}],"replies":[{"embeddable":true,"href":"https:\/\/xrevup.x-revup.com\/fr\/wp-json\/wp\/v2\/comments?post=96"}],"version-history":[{"count":132,"href":"https:\/\/xrevup.x-revup.com\/fr\/wp-json\/wp\/v2\/pages\/96\/revisions"}],"predecessor-version":[{"id":8193,"href":"https:\/\/xrevup.x-revup.com\/fr\/wp-json\/wp\/v2\/pages\/96\/revisions\/8193"}],"wp:attachment":[{"href":"https:\/\/xrevup.x-revup.com\/fr\/wp-json\/wp\/v2\/media?parent=96"}],"curies":[{"name":"wp","href":"https:\/\/api.w.org\/{rel}","templated":true}]}}